{"id":279353,"date":"2022-05-11T13:49:40","date_gmt":"2022-05-11T11:49:40","guid":{"rendered":"https:\/\/www.naklik.co.rs\/privacy-policy\/"},"modified":"2022-09-30T11:58:23","modified_gmt":"2022-09-30T09:58:23","slug":"privacy-policy","status":"publish","type":"page","link":"https:\/\/bebaonline.com\/en\/privacy-policy\/","title":{"rendered":"Privacy Policy"},"content":{"rendered":"<p>[et_pb_section fb_built=&#8221;1&#8243; _builder_version=&#8221;4.16.1&#8243; _module_preset=&#8221;default&#8221; background_color=&#8221;#dedede&#8221; background_image=&#8221;https:\/\/bebaonline.com\/wp-content\/uploads\/2022\/07\/ADO_0780III-1-1-1.jpg&#8221; background_position=&#8221;top_right&#8221; background_vertical_offset=&#8221;19%&#8221; z_index=&#8221;2&#8243; max_height=&#8221;450px&#8221; custom_padding=&#8221;||150px||false|false&#8221; global_colors_info=&#8221;{}&#8221;][et_pb_row _builder_version=&#8221;4.16.1&#8243; _module_preset=&#8221;default&#8221; global_colors_info=&#8221;{}&#8221;][et_pb_column type=&#8221;4_4&#8243; _builder_version=&#8221;4.16.1&#8243; _module_preset=&#8221;default&#8221; global_colors_info=&#8221;{}&#8221;][et_pb_text _builder_version=&#8221;4.18.0&#8243; _module_preset=&#8221;default&#8221; text_text_color=&#8221;#3f3f3f&#8221; link_font=&#8221;||||on|||#000000|&#8221; link_text_color=&#8221;#000000&#8243; header_text_color=&#8221;#000000&#8243; text_orientation=&#8221;center&#8221; custom_margin=&#8221;||15px||false|false&#8221; locked=&#8221;off&#8221; global_colors_info=&#8221;{}&#8221; link_text_color__hover_enabled=&#8221;on|hover&#8221; link_text_color__hover=&#8221;#b89b87&#8243;]<\/p>\n<span><span><a href=\"https:\/\/bebaonline.com\/en\/\">Home<\/a><\/span>\n<p>[\/et_pb_text][et_pb_text _builder_version=&#8221;4.18.0&#8243; _module_preset=&#8221;default&#8221; text_font=&#8221;|300|||||||&#8221; text_font_size=&#8221;14px&#8221; header_font=&#8221;|700|||||||&#8221; header_font_size=&#8221;54px&#8221; text_orientation=&#8221;center&#8221; custom_margin=&#8221;||20px||false|false&#8221; global_colors_info=&#8221;{}&#8221;]<\/p>\n<h1>Privacy Policy<\/h1>\n<p>[\/et_pb_text][et_pb_divider color=&#8221;#c3a692&#8243; divider_weight=&#8221;3px&#8221; _builder_version=&#8221;4.16.1&#8243; _module_preset=&#8221;default&#8221; width=&#8221;50px&#8221; module_alignment=&#8221;center&#8221; global_colors_info=&#8221;{}&#8221;][\/et_pb_divider][\/et_pb_column][\/et_pb_row][\/et_pb_section][et_pb_section fb_built=&#8221;1&#8243; _builder_version=&#8221;4.18.0&#8243; background_color=&#8221;RGBA(255,255,255,0)&#8221; background_image=&#8221;https:\/\/bebaonline.com\/wp-content\/uploads\/2022\/05\/image009-1.jpg&#8221; background_size=&#8221;initial&#8221; background_position=&#8221;center_left&#8221; background_horizontal_offset=&#8221;-12%&#8221; custom_padding=&#8221;0px||0px||false|false&#8221; hover_enabled=&#8221;0&#8243; global_colors_info=&#8221;{}&#8221; sticky_enabled=&#8221;0&#8243;][et_pb_row _builder_version=&#8221;4.18.0&#8243; _module_preset=&#8221;default&#8221; background_enable_color=&#8221;off&#8221; z_index=&#8221;3&#8243; custom_margin=&#8221;-80px||||false|false&#8221; custom_padding=&#8221;0px|3%|0px|3%|false|true&#8221; hover_enabled=&#8221;0&#8243; global_colors_info=&#8221;{}&#8221; sticky_enabled=&#8221;0&#8243;][et_pb_column type=&#8221;4_4&#8243; _builder_version=&#8221;4.16.1&#8243; _module_preset=&#8221;default&#8221; background_color=&#8221;#FFFFFF&#8221; custom_padding=&#8221;20px|20px|20px|20px|true|true&#8221; global_colors_info=&#8221;{}&#8221;][et_pb_text _builder_version=&#8221;4.16.1&#8243; _module_preset=&#8221;default&#8221; text_font=&#8221;|300|||||||&#8221; header_2_font_size_tablet=&#8221;&#8221; header_2_font_size_phone=&#8221;25px&#8221; header_2_font_size_last_edited=&#8221;on|phone&#8221; global_colors_info=&#8221;{}&#8221;]<\/p>\n<p>KADRIJA RUSITOVI\u0106 PR TAILORING SHOP BELGRADE committed to protecting all information it collects and stores about you in accordance with the positive regulations of the Republic of Serbia.<\/p>\n<p>Users of our site agree that their data will be used in accordance with this Privacy Policy.<\/p>\n<p>KADRIJA RUSITOVI\u0106 PR TAILORING SHOP BELGRADE collects a minimum amount of information about you in order to provide quality service. The privacy policy explains which actions may result in the collection of data about you. Your visit to our site gives us the right to collect the aforementioned information.<\/p>\n<p>By accessing our site, you give us the right to collect all the information you send us, depending on the type of form you fill out, including name, address, phone number, e-mail address, as well as other data you can leave on the site. Other information may be requested in accordance with the changes indicated on the site.<\/p>\n<p>We use the collected information primarily for the purpose of processing the requests of users and site visitors. All standard precautions are taken to prevent unauthorized access to this data. Users may be required to verify their identity at a later date to ensure account information is complete.<\/p>\n<p>At any time, users can request that the collected data be deleted from the data record.<\/p>\n<p>KADRIJA RUSITOVI\u0106 PR TAILORING SHOP BELGRADE does not exchange any information about users with third parties. The obtained information can be used for the purpose of maintaining contact with users and informing about the development of our business. If at some point in the future we are forced to disclose the collected information to a third party (e.g. government authorities), the user will be informed about this and give his consent.<\/p>\n<p>KADRIJA RUSITOVI\u0106 PR KROJA\u010cKA RADNJA BELGRAD informs users that it may occasionally publish data of general importance concerning the site itself or KADRIJA RUSITOVI\u0106 PR KROJA\u010cKA RADNJA BELGRAD &#8211; for example, the number of visitors to the site, the number of purchases made, etc., but when publishing such data, it will never include information that could be used to identify individuals.<\/p>\n<p><span style=\"color: #f91102;\">KADRIJA RUSITOVI\u0106 PR TAILORING SHOP BELGRADE is not responsible for the content of information published by users via chat or direct messages KADRIJA RUSITOVI\u0106 PR TAILORING SHOP BELGRADE. We are under no obligation to monitor users&#8217; chat conversations and are therefore not held responsible for any communications.<\/span><\/p>\n<p>KADRIJA RUSITOVI\u0106 PR TAILORING SHOP BELGRADE guarantees that it applies all standard security measures protecting personal data collected from its users in accordance with the positive regulations of the Republic of Serbia. This includes but is not limited to: access to personal data with a password, limited access to sensitive data, encrypted transfer of sensitive data sent by users to KADRIJA RUSITOVI\u0106 PR KROJA\u010cKA RADNJA BEOGRAD forms for registration, ordering, etc. However, there may be failures related to security that are not under the control of KADRIJA RUSITOVI\u0106 PR KROJA\u010cKA RADNJA BELGRADE. By deciding that KADRIJA RUSITOVI\u0106 PR KROJA\u010cKA RADNJA BELGRADE provides personal information, the user understands and agrees with the fact that the security, integrity and privacy of his data cannot be 100% guaranteed.<\/p>\n<p><strong>KADRIJA RUSITOVI\u0106 PR KROJA\u010cKA RADNJA BELGRADE reserves the right to change this Privacy Policy at any time. Any change becomes valid after its publication on the website WWW.BEBAONLINE.COM. The user undertakes to periodically read this privacy policy in order to be aware of any changes to it. If the user continues to use the site and services of KADRIJA RUSITOVI\u0106 PR KROJA\u010cKA RADNJA BELGRADE after any new version of the privacy policy, it is understood that he has accepted it as valid.<\/strong><\/p>\n<p>[\/et_pb_text][\/et_pb_column][\/et_pb_row][\/et_pb_section][et_pb_section fb_built=&#8221;1&#8243; _builder_version=&#8221;4.16.1&#8243; _module_preset=&#8221;default&#8221; background_color=&#8221;#000000&#8243; custom_padding=&#8221;||0px||false|false&#8221; global_module=&#8221;208995&#8243; saved_tabs=&#8221;all&#8221; global_colors_info=&#8221;{}&#8221;][et_pb_row column_structure=&#8221;1_4,1_4,1_4,1_4&#8243; _builder_version=&#8221;4.16.1&#8243; _module_preset=&#8221;default&#8221; global_colors_info=&#8221;{}&#8221;][et_pb_column type=&#8221;1_4&#8243; _builder_version=&#8221;4.16.1&#8243; _module_preset=&#8221;default&#8221; global_colors_info=&#8221;{}&#8221;][et_pb_image src=&#8221;https:\/\/bebaonline.com\/wp-content\/uploads\/2022\/04\/Beba-Lingerie-logo-white.png&#8221; alt=&#8221;White Beba Lingerie logo&#8221; title_text=&#8221;Baby Lingerie &#8211; logo &#8211; white&#8221; url=&#8221;@ET-DC@eyJkeW5hbWljIjp0cnVlLCJjb250ZW50IjoiaG9tZV91cmwiLCJzZXR0aW5ncyI6W119@&#8221; _builder_version=&#8221;4.17.6&#8243; _dynamic_attributes=&#8221;url&#8221; _module_preset=&#8221;default&#8221; max_width=&#8221;180px&#8221; global_colors_info=&#8221;{}&#8221;][\/et_pb_image][et_pb_text _builder_version=&#8221;4.17.6&#8243; _dynamic_attributes=&#8221;link_option_url&#8221; _module_preset=&#8221;default&#8221; text_font=&#8221;|300|||||||&#8221; text_font_size=&#8221;28px&#8221; text_line_height=&#8221;1.2em&#8221; background_layout=&#8221;dark&#8221; link_option_url=&#8221;@ET-DC@eyJkeW5hbWljIjp0cnVlLCJjb250ZW50IjoiaG9tZV91cmwiLCJzZXR0aW5ncyI6W119@&#8221; global_colors_info=&#8221;{}&#8221;]<\/p>\n<p>Empower Your<br \/>Inner Goddess<\/p>\n<p>[\/et_pb_text][\/et_pb_column][et_pb_column type=&#8221;1_4&#8243; _builder_version=&#8221;4.16.1&#8243; _module_preset=&#8221;default&#8221; global_colors_info=&#8221;{}&#8221;][et_pb_text _builder_version=&#8221;4.16.1&#8243; _module_preset=&#8221;default&#8221; text_font=&#8221;|||on|||||&#8221; text_font_size=&#8221;18px&#8221; text_letter_spacing=&#8221;2px&#8221; background_layout=&#8221;dark&#8221; custom_margin=&#8221;||20px||false|false&#8221; border_width_bottom=&#8221;1px&#8221; border_color_bottom=&#8221;#FFFFFF&#8221; global_colors_info=&#8221;{}&#8221;]<\/p>\n<p>Terms of purchase<\/p>\n<p>[\/et_pb_text][et_pb_text _builder_version=&#8221;4.17.6&#8243; _module_preset=&#8221;default&#8221; text_font=&#8221;|300|||||||&#8221; text_text_color=&#8221;#FFFFFF&#8221; text_line_height=&#8221;2em&#8221; link_text_color=&#8221;#FFFFFF&#8221; transform_translate_linked__hover=&#8221;off&#8221; background_layout=&#8221;dark&#8221; global_colors_info=&#8221;{}&#8221; transform_styles__hover_enabled=&#8221;on|hover&#8221; transform_scale__hover_enabled=&#8221;on|desktop&#8221; transform_translate__hover_enabled=&#8221;on|hover&#8221; transform_rotate__hover_enabled=&#8221;on|desktop&#8221; transform_skew__hover_enabled=&#8221;on|desktop&#8221; transform_origin__hover_enabled=&#8221;on|desktop&#8221; link_text_color__hover_enabled=&#8221;on|hover&#8221; link_text_color__hover=&#8221;#c2a693&#8243;]<\/p>\n<p><a href=\"https:\/\/bebaonline.com\/en\/complaints\/\">Complaints<\/a><br \/><a href=\"https:\/\/bebaonline.com\/en\/delivery\/\">Delivery<\/a><br \/><a href=\"https:\/\/bebaonline.com\/en\/payment-methods\/\">Payment methods<\/a><br \/><a href=\"https:\/\/bebaonline.com\/en\/right-to-quit\/#povracaj-sredstava\">Refunds<\/a><br \/><a href=\"https:\/\/bebaonline.com\/en\/privacy-policy\/\">Privacy Policy<\/a><br \/><a href=\"https:\/\/bebaonline.com\/en\/right-to-quit\/\">Right to withdraw<\/a><br \/><a href=\"https:\/\/bebaonline.com\/en\/right-to-quit\/#zamena-robe\">Exchange of goods<\/a><\/p>\n<p>[\/et_pb_text][\/et_pb_column][et_pb_column type=&#8221;1_4&#8243; _builder_version=&#8221;4.16.1&#8243; _module_preset=&#8221;default&#8221; global_colors_info=&#8221;{}&#8221;][et_pb_text _builder_version=&#8221;4.16.1&#8243; _module_preset=&#8221;default&#8221; text_font=&#8221;|||on|||||&#8221; text_font_size=&#8221;18px&#8221; text_letter_spacing=&#8221;2px&#8221; background_layout=&#8221;dark&#8221; custom_margin=&#8221;||20px||false|false&#8221; border_width_bottom=&#8221;1px&#8221; border_color_bottom=&#8221;#FFFFFF&#8221; global_colors_info=&#8221;{}&#8221;]<\/p>\n<p>Information<\/p>\n<p>[\/et_pb_text][et_pb_text _builder_version=&#8221;4.17.6&#8243; _module_preset=&#8221;default&#8221; text_font=&#8221;|300|||||||&#8221; text_text_color=&#8221;#FFFFFF&#8221; text_line_height=&#8221;2em&#8221; link_text_color=&#8221;#FFFFFF&#8221; background_layout=&#8221;dark&#8221; global_colors_info=&#8221;{}&#8221; transform_styles__hover_enabled=&#8221;on|hover&#8221; transform_scale__hover_enabled=&#8221;on|desktop&#8221; transform_translate__hover_enabled=&#8221;on|hover&#8221; transform_rotate__hover_enabled=&#8221;on|desktop&#8221; transform_skew__hover_enabled=&#8221;on|desktop&#8221; transform_origin__hover_enabled=&#8221;on|desktop&#8221; link_text_color__hover=&#8221;#c2a693&#8243; link_text_color__hover_enabled=&#8221;on|hover&#8221;]<\/p>\n<p>Most common questions<br \/><a href=\"https:\/\/bebaonline.com\/en\/loyalty-program\/\">Loyalty program<\/a><br \/><a href=\"https:\/\/bebaonline.com\/en\/determine-size\/\">Determine the size<\/a><br \/><a href=\"https:\/\/bebaonline.com\/en\/contact\/\">Contact<\/a><\/p>\n<p>[\/et_pb_text][\/et_pb_column][et_pb_column type=&#8221;1_4&#8243; _builder_version=&#8221;4.16.1&#8243; _module_preset=&#8221;default&#8221; global_colors_info=&#8221;{}&#8221;][et_pb_text _builder_version=&#8221;4.16.1&#8243; _module_preset=&#8221;default&#8221; text_font=&#8221;|||on|||||&#8221; text_font_size=&#8221;18px&#8221; text_letter_spacing=&#8221;2px&#8221; background_layout=&#8221;dark&#8221; custom_margin=&#8221;||20px||false|false&#8221; border_width_bottom=&#8221;1px&#8221; border_color_bottom=&#8221;#FFFFFF&#8221; global_colors_info=&#8221;{}&#8221;]<\/p>\n<p>Follow us<\/p>\n<p>[\/et_pb_text][et_pb_text _builder_version=&#8221;4.17.6&#8243; _module_preset=&#8221;default&#8221; text_font=&#8221;|300|||||||&#8221; text_text_color=&#8221;#FFFFFF&#8221; text_line_height=&#8221;2em&#8221; link_text_color=&#8221;#FFFFFF&#8221; background_layout=&#8221;dark&#8221; global_colors_info=&#8221;{}&#8221; transform_styles__hover_enabled=&#8221;on|hover&#8221; transform_scale__hover_enabled=&#8221;on|desktop&#8221; transform_translate__hover_enabled=&#8221;on|hover&#8221; transform_rotate__hover_enabled=&#8221;on|desktop&#8221; transform_skew__hover_enabled=&#8221;on|desktop&#8221; transform_origin__hover_enabled=&#8221;on|desktop&#8221; link_text_color__hover=&#8221;#c2a693&#8243; link_text_color__hover_enabled=&#8221;on|hover&#8221;]<\/p>\n<p><a href=\"https:\/\/www.facebook.com\/bebafashionbrand\/\">Facebook<\/a><br \/><a href=\"https:\/\/www.instagram.com\/bebalingerie\/\">Instagram<\/a><br \/><a href=\"https:\/\/www.pinterest.com\/bebalingerie0067\/\">Pinterest<\/a><br \/><a href=\"https:\/\/www.youtube.com\/channel\/UCgpK9A0g6YEo4B2QXK9m_LQ\">YouTube<\/a><\/p>\n<p>[\/et_pb_text][\/et_pb_column][\/et_pb_row][et_pb_row _builder_version=&#8221;4.16.1&#8243; _module_preset=&#8221;default&#8221; border_width_top=&#8221;1px&#8221; border_color_top=&#8221;rgba(255,255,255,0.1)&#8221; global_colors_info=&#8221;{}&#8221;][et_pb_column type=&#8221;4_4&#8243; _builder_version=&#8221;4.16.1&#8243; _module_preset=&#8221;default&#8221; global_colors_info=&#8221;{}&#8221;][et_pb_text _builder_version=&#8221;4.16.1&#8243; _module_preset=&#8221;default&#8221; text_font=&#8221;|300|||||||&#8221; text_font_size=&#8221;14px&#8221; text_orientation=&#8221;center&#8221; background_layout=&#8221;dark&#8221; global_colors_info=&#8221;{}&#8221;]<\/p>\n<p>Copyright \u00a9 2022. Baby Lingerie. Creation of web sites &#8211; Web service naKlik<\/p>\n<p>[\/et_pb_text][\/et_pb_column][\/et_pb_row][et_pb_row _builder_version=&#8221;4.16.1&#8243; _module_preset=&#8221;default&#8221; border_width_top=&#8221;1px&#8221; border_color_top=&#8221;rgba(255,255,255,0.1)&#8221; global_colors_info=&#8221;{}&#8221;][et_pb_column type=&#8221;4_4&#8243; _builder_version=&#8221;4.16.1&#8243; _module_preset=&#8221;default&#8221; global_colors_info=&#8221;{}&#8221;][et_pb_text _builder_version=&#8221;4.17.4&#8243; _module_preset=&#8221;default&#8221; text_orientation=&#8221;center&#8221; global_colors_info=&#8221;{}&#8221;]<\/p>\n<div class=\"row\"><img style=\"height:20px;\" class=\"st_column\" src=\"https:\/\/bebaonline.com\/wp-content\/uploads\/2022\/07\/cards.gif\" alt=\"MasterCard Maestro Visa\"> <img style=\"height:20px;\" class=\"st_column\" src=\"https:\/\/bebaonline.com\/wp-content\/uploads\/2022\/07\/Raiffeisen-Bank.jpg\" alt=\"Raiffeisen Bank\" data-ll-status=\"loaded\"><\/div>\n<p>[\/et_pb_text][\/et_pb_column][\/et_pb_row][\/et_pb_section]<\/p>\n","protected":false},"excerpt":{"rendered":"<p><span><span><a href=\"https:\/\/bebaonline.com\/en\/\">Home<\/a><\/span>Privacy PolicyKADRIJA RUSITOVI\u0106 PR TAILORING SHOP BELGRADE committed to protecting all information it collects and stores about you in accordance with the positive regulations of the Republic of Serbia. Users of our site agree that their data will be used in accordance with this Privacy Policy. KADRIJA RUSITOVI\u0106 PR TAILORING SHOP BELGRADE collects a minimum [&hellip;]<\/p>\n","protected":false},"author":5,"featured_media":0,"parent":0,"menu_order":0,"comment_status":"closed","ping_status":"closed","template":"","meta":{"_et_pb_use_builder":"on","_et_pb_old_content":"","_et_gb_content_width":""},"_links":{"self":[{"href":"https:\/\/bebaonline.com\/en\/wp-json\/wp\/v2\/pages\/279353"}],"collection":[{"href":"https:\/\/bebaonline.com\/en\/wp-json\/wp\/v2\/pages"}],"about":[{"href":"https:\/\/bebaonline.com\/en\/wp-json\/wp\/v2\/types\/page"}],"author":[{"embeddable":true,"href":"https:\/\/bebaonline.com\/en\/wp-json\/wp\/v2\/users\/5"}],"replies":[{"embeddable":true,"href":"https:\/\/bebaonline.com\/en\/wp-json\/wp\/v2\/comments?post=279353"}],"version-history":[{"count":4,"href":"https:\/\/bebaonline.com\/en\/wp-json\/wp\/v2\/pages\/279353\/revisions"}],"predecessor-version":[{"id":283845,"href":"https:\/\/bebaonline.com\/en\/wp-json\/wp\/v2\/pages\/279353\/revisions\/283845"}],"wp:attachment":[{"href":"https:\/\/bebaonline.com\/en\/wp-json\/wp\/v2\/media?parent=279353"}],"curies":[{"name":"wp","href":"https:\/\/api.w.org\/{rel}","templated":true}]}}