{"id":285381,"date":"2023-12-04T14:16:32","date_gmt":"2023-12-04T13:16:32","guid":{"rendered":"https:\/\/www.naklik.co.rs\/?post_type=product&#038;p=285381"},"modified":"2023-12-05T10:30:16","modified_gmt":"2023-12-05T09:30:16","slug":"brook-pojas-2","status":"publish","type":"product","link":"https:\/\/bebaonline.com\/en\/artikal\/brook-pojas-2\/","title":{"rendered":"BROOK POJAS"},"content":{"rendered":"<p>Brook pojas\u00a0 ra\u0111en od luksuzne \u010dipke,pru\u017ea seksipilan izgled, i udobnost, kako u ve\u010dernjoj tako i u dnevnoj varijanti. Model koji se mo\u017ee nositi u svim prilikama, od dnevnih izlazaka do ve\u010dernjih i sve\u010danih dogadjaja.<\/p>\n<p>Metalne zlatne kop\u010de u obliku logoa, dodatno daju na luksuzu ovog komada, kao i veliki izbor boja.Dostupne boje su: Crna, bela, zelena, plava i crvena.<\/p>\n<p>Dostupne veli\u010dine su od xs do xl.<\/p>\n<p>U na\u0161oj tabeli veli\u010dina mo\u017eete odabrati odgovaraju\u0107u veli\u0107inu, gde tako\u0111e mo\u017eete videti uputstvo za odre\u0111ivanje veli\u010dine.<\/p>\n<h3><em><strong>Ukoliko opet niste sigurni, uvek se nama mo\u017eete obratiti.<\/strong><\/em><\/h3>\n","protected":false},"excerpt":{"rendered":"<p>Sastav: \u010cipka: 100% polyester<br \/>\nObloga bo\u010dnih panela : 100 % poliamid<\/p>\n<h3><em><strong>Preporu\u010deno ru\u010dno pranje.<\/strong><\/em><\/h3>\n","protected":false},"featured_media":285715,"comment_status":"open","ping_status":"closed","template":"","meta":{"_et_pb_use_builder":"on","_et_pb_old_content":"Brook pojas\u00a0 ra\u0111en od luksuzne \u010dipke,pru\u017ea seksipilan izgled, i udobnost, kako u ve\u010dernjoj tako i u dnevnoj varijanti. Model koji se mo\u017ee nositi u svim prilikama, od dnevnih izlazaka do ve\u010dernjih i sve\u010danih dogadjaja.\r\n\r\nMetalne zlatne kop\u010de u obliku logoa, dodatno daju na luksuzu ovog komada, kao i veliki izbor boja.Dostupne boje su: Crna, bela, zelena, plava i crvena.\r\n\r\nDostupne veli\u010dine su od xs do xl.\r\n\r\nU na\u0161oj tabeli veli\u010dina mo\u017eete odabrati odgovaraju\u0107u veli\u0107inu, gde tako\u0111e mo\u017eete videti uputstvo za odre\u0111ivanje veli\u010dine.\r\n<h3><em><strong>Ukoliko opet niste sigurni, uvek se nama mo\u017eete obratiti.<\/strong><\/em><\/h3>","_et_gb_content_width":""},"product_cat":[451,413],"product_tag":[],"_links":{"self":[{"href":"https:\/\/bebaonline.com\/en\/wp-json\/wp\/v2\/product\/285381"}],"collection":[{"href":"https:\/\/bebaonline.com\/en\/wp-json\/wp\/v2\/product"}],"about":[{"href":"https:\/\/bebaonline.com\/en\/wp-json\/wp\/v2\/types\/product"}],"replies":[{"embeddable":true,"href":"https:\/\/bebaonline.com\/en\/wp-json\/wp\/v2\/comments?post=285381"}],"wp:featuredmedia":[{"embeddable":true,"href":"https:\/\/bebaonline.com\/en\/wp-json\/wp\/v2\/media\/285715"}],"wp:attachment":[{"href":"https:\/\/bebaonline.com\/en\/wp-json\/wp\/v2\/media?parent=285381"}],"wp:term":[{"taxonomy":"product_cat","embeddable":true,"href":"https:\/\/bebaonline.com\/en\/wp-json\/wp\/v2\/product_cat?post=285381"},{"taxonomy":"product_tag","embeddable":true,"href":"https:\/\/bebaonline.com\/en\/wp-json\/wp\/v2\/product_tag?post=285381"}],"curies":[{"name":"wp","href":"https:\/\/api.w.org\/{rel}","templated":true}]}}