{"id":290913,"date":"2024-07-05T00:17:12","date_gmt":"2024-07-04T22:17:12","guid":{"rendered":"https:\/\/bebaonline.com\/?post_type=product&#038;p=290913"},"modified":"2024-07-05T00:30:13","modified_gmt":"2024-07-04T22:30:13","slug":"mojra-donji-deo","status":"publish","type":"product","link":"https:\/\/bebaonline.com\/en\/artikal\/mojra-donji-deo\/","title":{"rendered":"MOJRA donji deo"},"content":{"rendered":"","protected":false},"excerpt":{"rendered":"<p>Na slici je<em><strong> DARK NUDE<\/strong><\/em> boja.<\/p>\n<p><strong>Ukoliko niste sigurni oko veli\u010dine ili prvi put poru\u010dujete, najbolje je da da nam u NAPOMENI napisete Va\u0161 OBIM struka I OBIM bokova.<\/strong><\/p>\n<p><strong>Preporu\u010deno ru\u010dno pranje.<\/strong><\/p>\n","protected":false},"featured_media":290915,"comment_status":"open","ping_status":"closed","template":"","meta":{"_et_pb_use_builder":"","_et_pb_old_content":"","_et_gb_content_width":""},"product_cat":[15],"product_tag":[],"_links":{"self":[{"href":"https:\/\/bebaonline.com\/en\/wp-json\/wp\/v2\/product\/290913"}],"collection":[{"href":"https:\/\/bebaonline.com\/en\/wp-json\/wp\/v2\/product"}],"about":[{"href":"https:\/\/bebaonline.com\/en\/wp-json\/wp\/v2\/types\/product"}],"replies":[{"embeddable":true,"href":"https:\/\/bebaonline.com\/en\/wp-json\/wp\/v2\/comments?post=290913"}],"wp:featuredmedia":[{"embeddable":true,"href":"https:\/\/bebaonline.com\/en\/wp-json\/wp\/v2\/media\/290915"}],"wp:attachment":[{"href":"https:\/\/bebaonline.com\/en\/wp-json\/wp\/v2\/media?parent=290913"}],"wp:term":[{"taxonomy":"product_cat","embeddable":true,"href":"https:\/\/bebaonline.com\/en\/wp-json\/wp\/v2\/product_cat?post=290913"},{"taxonomy":"product_tag","embeddable":true,"href":"https:\/\/bebaonline.com\/en\/wp-json\/wp\/v2\/product_tag?post=290913"}],"curies":[{"name":"wp","href":"https:\/\/api.w.org\/{rel}","templated":true}]}}