{"id":290989,"date":"2024-07-21T21:04:45","date_gmt":"2024-07-21T19:04:45","guid":{"rendered":"https:\/\/bebaonline.com\/?post_type=product&#038;p=290989"},"modified":"2024-12-15T00:42:56","modified_gmt":"2024-12-14T23:42:56","slug":"nika-gornji-deo-ojacane-korpe","status":"publish","type":"product","link":"https:\/\/bebaonline.com\/en\/artikal\/nika-gornji-deo-ojacane-korpe\/","title":{"rendered":"NIKA &#8211; gornji deo (oja\u010dane korpe)"},"content":{"rendered":"","protected":false},"excerpt":{"rendered":"<p>Ukoliko niste sigurni oko veli\u010dine, u napomeni napi\u0161ite Va\u0161 OBIM GRUDI I OBIM ISPOD GRUDI.<\/p>\n<p>Raspon veli\u010dina je od obima grudi 80cm do 124cm.<\/p>\n<p>Preporu\u010deno ru\u010dno pranje!<\/p>\n<p>VELI\u010cINE 4XL I 5XL NEMAJU \u017dICE.<\/p>\n","protected":false},"featured_media":291004,"comment_status":"open","ping_status":"closed","template":"","meta":{"_et_pb_use_builder":"","_et_pb_old_content":"","_et_gb_content_width":""},"product_cat":[423,675,417,671],"product_tag":[],"_links":{"self":[{"href":"https:\/\/bebaonline.com\/en\/wp-json\/wp\/v2\/product\/290989"}],"collection":[{"href":"https:\/\/bebaonline.com\/en\/wp-json\/wp\/v2\/product"}],"about":[{"href":"https:\/\/bebaonline.com\/en\/wp-json\/wp\/v2\/types\/product"}],"replies":[{"embeddable":true,"href":"https:\/\/bebaonline.com\/en\/wp-json\/wp\/v2\/comments?post=290989"}],"wp:featuredmedia":[{"embeddable":true,"href":"https:\/\/bebaonline.com\/en\/wp-json\/wp\/v2\/media\/291004"}],"wp:attachment":[{"href":"https:\/\/bebaonline.com\/en\/wp-json\/wp\/v2\/media?parent=290989"}],"wp:term":[{"taxonomy":"product_cat","embeddable":true,"href":"https:\/\/bebaonline.com\/en\/wp-json\/wp\/v2\/product_cat?post=290989"},{"taxonomy":"product_tag","embeddable":true,"href":"https:\/\/bebaonline.com\/en\/wp-json\/wp\/v2\/product_tag?post=290989"}],"curies":[{"name":"wp","href":"https:\/\/api.w.org\/{rel}","templated":true}]}}