{"id":291673,"date":"2024-09-23T19:33:36","date_gmt":"2024-09-23T17:33:36","guid":{"rendered":"https:\/\/bebaonline.com\/?post_type=product&#038;p=291673"},"modified":"2024-09-23T19:39:54","modified_gmt":"2024-09-23T17:39:54","slug":"velvet-isidora-push-up","status":"publish","type":"product","link":"https:\/\/bebaonline.com\/en\/artikal\/velvet-isidora-push-up\/","title":{"rendered":"Velvet Isidora PUSH UP"},"content":{"rendered":"","protected":false},"excerpt":{"rendered":"<p>Ukoliko niste sigurni oko veli\u010dine ili prvi put poru\u010dujete, u napomeni mo\u017eete ostaviti Va\u0161e mere.<\/p>\n<p>OBIM GRUDI, OBIM ISPOD GRUDI, OBIM STRUKA, OBIM BOKOVA, I VA\u0160A VISINA TELA.<\/p>\n<p>Na slici je <em><strong>petrolej plava boja<\/strong><\/em>.<\/p>\n<p>Preporu\u010deno ru\u010dno pranje.<\/p>\n","protected":false},"featured_media":291669,"comment_status":"open","ping_status":"closed","template":"","meta":{"_et_pb_use_builder":"","_et_pb_old_content":"","_et_gb_content_width":""},"product_cat":[445,413],"product_tag":[],"_links":{"self":[{"href":"https:\/\/bebaonline.com\/en\/wp-json\/wp\/v2\/product\/291673"}],"collection":[{"href":"https:\/\/bebaonline.com\/en\/wp-json\/wp\/v2\/product"}],"about":[{"href":"https:\/\/bebaonline.com\/en\/wp-json\/wp\/v2\/types\/product"}],"replies":[{"embeddable":true,"href":"https:\/\/bebaonline.com\/en\/wp-json\/wp\/v2\/comments?post=291673"}],"wp:featuredmedia":[{"embeddable":true,"href":"https:\/\/bebaonline.com\/en\/wp-json\/wp\/v2\/media\/291669"}],"wp:attachment":[{"href":"https:\/\/bebaonline.com\/en\/wp-json\/wp\/v2\/media?parent=291673"}],"wp:term":[{"taxonomy":"product_cat","embeddable":true,"href":"https:\/\/bebaonline.com\/en\/wp-json\/wp\/v2\/product_cat?post=291673"},{"taxonomy":"product_tag","embeddable":true,"href":"https:\/\/bebaonline.com\/en\/wp-json\/wp\/v2\/product_tag?post=291673"}],"curies":[{"name":"wp","href":"https:\/\/api.w.org\/{rel}","templated":true}]}}