{"id":291748,"date":"2024-10-27T13:40:31","date_gmt":"2024-10-27T12:40:31","guid":{"rendered":"https:\/\/bebaonline.com\/?post_type=product&#038;p=291748"},"modified":"2024-10-27T13:40:32","modified_gmt":"2024-10-27T12:40:32","slug":"silver-becca-bodysuit","status":"publish","type":"product","link":"https:\/\/bebaonline.com\/en\/artikal\/silver-becca-bodysuit\/","title":{"rendered":"Silver Becca bodysuit"},"content":{"rendered":"<p>Ukoliko <strong>prvi put<\/strong> poru\u010dujete na\u0161e proizvode, ili <strong>NISTE SIGURNI OKO VELI\u010cINE<\/strong>, u napomeni\u00a0 mo\u017eete napisati Va\u0161e obime, a izabrati bilo koju veli\u010dinu, kako bi uspe\u0161no zavr\u0161ili porud\u017ebinu.<\/p>\n<p>Potrebne mere su <strong><em>OBIM GRUDI, OBIM ISPOD GRUDI, OBIM STRUKA I VA<\/em><\/strong><strong><em>\u0160A VISINA.<\/em><\/strong><\/p>\n<p><strong><em>Na osnovu Va\u0161ih mera, mi \u0107emo odrediti najpribli\u017eniju veli\u010dinu ili kombinaciju veli\u010dina za Vas.<\/em><\/strong><\/p>\n<p><strong><em>Preporu\u010deno ru\u010dno pranje.<\/em><\/strong><\/p>\n","protected":false},"excerpt":{"rendered":"<p>Ukoliko prvi put poru\u010dujete na\u0161e proizvode, ili NISTE SIGURNI OKO VELI\u010cINE, u napomeni\u00a0 mo\u017eete napisati Va\u0161e obime, a izabrati bilo koju veli\u010dinu, kako bi uspe\u0161no zavr\u0161ili porud\u017ebinu. Potrebne mere su OBIM GRUDI, OBIM ISPOD GRUDI, OBIM STRUKA I VA\u0160A VISINA. Na osnovu Va\u0161ih mera, mi \u0107emo odrediti najpribli\u017eniju veli\u010dinu ili kombinaciju veli\u010dina za Vas. Preporu\u010deno [&hellip;]<\/p>\n","protected":false},"featured_media":291760,"comment_status":"open","ping_status":"closed","template":"","meta":{"_et_pb_use_builder":"","_et_pb_old_content":"","_et_gb_content_width":""},"product_cat":[15],"product_tag":[],"_links":{"self":[{"href":"https:\/\/bebaonline.com\/en\/wp-json\/wp\/v2\/product\/291748"}],"collection":[{"href":"https:\/\/bebaonline.com\/en\/wp-json\/wp\/v2\/product"}],"about":[{"href":"https:\/\/bebaonline.com\/en\/wp-json\/wp\/v2\/types\/product"}],"replies":[{"embeddable":true,"href":"https:\/\/bebaonline.com\/en\/wp-json\/wp\/v2\/comments?post=291748"}],"wp:featuredmedia":[{"embeddable":true,"href":"https:\/\/bebaonline.com\/en\/wp-json\/wp\/v2\/media\/291760"}],"wp:attachment":[{"href":"https:\/\/bebaonline.com\/en\/wp-json\/wp\/v2\/media?parent=291748"}],"wp:term":[{"taxonomy":"product_cat","embeddable":true,"href":"https:\/\/bebaonline.com\/en\/wp-json\/wp\/v2\/product_cat?post=291748"},{"taxonomy":"product_tag","embeddable":true,"href":"https:\/\/bebaonline.com\/en\/wp-json\/wp\/v2\/product_tag?post=291748"}],"curies":[{"name":"wp","href":"https:\/\/api.w.org\/{rel}","templated":true}]}}