{"id":292598,"date":"2024-12-14T21:03:11","date_gmt":"2024-12-14T20:03:11","guid":{"rendered":"https:\/\/bebaonline.com\/?post_type=product&#038;p=292598"},"modified":"2024-12-14T21:07:02","modified_gmt":"2024-12-14T20:07:02","slug":"amelija-limited-edition-push-up","status":"publish","type":"product","link":"https:\/\/bebaonline.com\/en\/artikal\/amelija-limited-edition-push-up\/","title":{"rendered":"Amelija Limited edition- PUSH UP"},"content":{"rendered":"","protected":false},"excerpt":{"rendered":"<h4>VA\u017dNO!<\/h4>\n<h5>Pla\u0107anje POUZE\u0106EM NIJE MOGU\u0106E, samo avansno pla\u0107anje na broj ra\u010duna.<\/h5>\n<h5>U nastavku se nalaze podaci za uplatu.<\/h5>\n<h5>Nakon izvr\u0161ene narud\u017ebine, dokaz o uplati mo\u017eete poslati na mejl, i broj narud\u017ebine takodje naglasiti.<\/h5>\n<h5>Podaci za uplatu su:<\/h5>\n<h5>Beba doo<\/h5>\n<h5>Beograd<\/h5>\n<h3>160-6000001643095-13<\/h3>\n","protected":false},"featured_media":292596,"comment_status":"open","ping_status":"closed","template":"","meta":{"_et_pb_use_builder":"on","_et_pb_old_content":"","_et_gb_content_width":""},"product_cat":[413,15],"product_tag":[],"_links":{"self":[{"href":"https:\/\/bebaonline.com\/en\/wp-json\/wp\/v2\/product\/292598"}],"collection":[{"href":"https:\/\/bebaonline.com\/en\/wp-json\/wp\/v2\/product"}],"about":[{"href":"https:\/\/bebaonline.com\/en\/wp-json\/wp\/v2\/types\/product"}],"replies":[{"embeddable":true,"href":"https:\/\/bebaonline.com\/en\/wp-json\/wp\/v2\/comments?post=292598"}],"wp:featuredmedia":[{"embeddable":true,"href":"https:\/\/bebaonline.com\/en\/wp-json\/wp\/v2\/media\/292596"}],"wp:attachment":[{"href":"https:\/\/bebaonline.com\/en\/wp-json\/wp\/v2\/media?parent=292598"}],"wp:term":[{"taxonomy":"product_cat","embeddable":true,"href":"https:\/\/bebaonline.com\/en\/wp-json\/wp\/v2\/product_cat?post=292598"},{"taxonomy":"product_tag","embeddable":true,"href":"https:\/\/bebaonline.com\/en\/wp-json\/wp\/v2\/product_tag?post=292598"}],"curies":[{"name":"wp","href":"https:\/\/api.w.org\/{rel}","templated":true}]}}