{"id":292952,"date":"2025-01-19T15:31:32","date_gmt":"2025-01-19T14:31:32","guid":{"rendered":"https:\/\/bebaonline.com\/?post_type=product&#038;p=292952"},"modified":"2025-05-21T00:14:35","modified_gmt":"2025-05-20T22:14:35","slug":"emmy-corset","status":"publish","type":"product","link":"https:\/\/bebaonline.com\/en\/artikal\/emmy-corset\/","title":{"rendered":"Emmy Corset"},"content":{"rendered":"<p>Ukoliko niste sigurni oko veli\u010dine, u napomeni mo\u017eete naglasiti Va\u0161 <strong>obim grudi i obim ispod grudi<\/strong>, a odabrati bilo koju veli\u010dinu pri poru\u010divanju.<\/p>\n<p>Preporuceno rucno pranje.<\/p>\n","protected":false},"excerpt":{"rendered":"<p>Podaci za uplatu su:<\/p>\n<p>BEBA DOO<br \/>\nBEOGRAD<br \/>\n160-6000001643095-13<\/p>\n<p>Kada uplatite, po\u0161aljite nam dokaz o uplati, kako bi porud\u017ebina bila u obradi.<\/p>\n","protected":false},"featured_media":295168,"comment_status":"open","ping_status":"closed","template":"","meta":{"_et_pb_use_builder":"","_et_pb_old_content":"","_et_gb_content_width":""},"product_cat":[445,736,413],"product_tag":[],"_links":{"self":[{"href":"https:\/\/bebaonline.com\/en\/wp-json\/wp\/v2\/product\/292952"}],"collection":[{"href":"https:\/\/bebaonline.com\/en\/wp-json\/wp\/v2\/product"}],"about":[{"href":"https:\/\/bebaonline.com\/en\/wp-json\/wp\/v2\/types\/product"}],"replies":[{"embeddable":true,"href":"https:\/\/bebaonline.com\/en\/wp-json\/wp\/v2\/comments?post=292952"}],"wp:featuredmedia":[{"embeddable":true,"href":"https:\/\/bebaonline.com\/en\/wp-json\/wp\/v2\/media\/295168"}],"wp:attachment":[{"href":"https:\/\/bebaonline.com\/en\/wp-json\/wp\/v2\/media?parent=292952"}],"wp:term":[{"taxonomy":"product_cat","embeddable":true,"href":"https:\/\/bebaonline.com\/en\/wp-json\/wp\/v2\/product_cat?post=292952"},{"taxonomy":"product_tag","embeddable":true,"href":"https:\/\/bebaonline.com\/en\/wp-json\/wp\/v2\/product_tag?post=292952"}],"curies":[{"name":"wp","href":"https:\/\/api.w.org\/{rel}","templated":true}]}}