{"id":293124,"date":"2025-03-02T19:06:14","date_gmt":"2025-03-02T18:06:14","guid":{"rendered":"https:\/\/bebaonline.com\/?post_type=product&#038;p=293124"},"modified":"2025-03-02T19:08:10","modified_gmt":"2025-03-02T18:08:10","slug":"diamond-becca","status":"publish","type":"product","link":"https:\/\/bebaonline.com\/en\/artikal\/diamond-becca\/","title":{"rendered":"Diamond Becca"},"content":{"rendered":"","protected":false},"excerpt":{"rendered":"<p>Podaci za uplatu su:<\/p>\n<p>BEBA DOO<br \/>\nBEOGRAD<br \/>\n160-6000001643095-13<\/p>\n<p>Kada uplatite, po\u0161aljite nam dokaz o uplati, kako bi porud\u017ebina bila u obradi.<br \/>\nUkoliko niste sigurni oko veli\u010dine ili prvi put poru\u010dujete, u napomeni mo\u017eete ostaviti Va\u0161e mere.<\/p>\n<p>OBIM GRUDI, OBIM ISPOD GRUDI, OBIM STRUKA, OBIM BOKOVA, I VA\u0160A VISINA TELA.<\/p>\n","protected":false},"featured_media":293122,"comment_status":"open","ping_status":"closed","template":"","meta":{"_et_pb_use_builder":"","_et_pb_old_content":"","_et_gb_content_width":""},"product_cat":[445,736,413,671],"product_tag":[],"_links":{"self":[{"href":"https:\/\/bebaonline.com\/en\/wp-json\/wp\/v2\/product\/293124"}],"collection":[{"href":"https:\/\/bebaonline.com\/en\/wp-json\/wp\/v2\/product"}],"about":[{"href":"https:\/\/bebaonline.com\/en\/wp-json\/wp\/v2\/types\/product"}],"replies":[{"embeddable":true,"href":"https:\/\/bebaonline.com\/en\/wp-json\/wp\/v2\/comments?post=293124"}],"wp:featuredmedia":[{"embeddable":true,"href":"https:\/\/bebaonline.com\/en\/wp-json\/wp\/v2\/media\/293122"}],"wp:attachment":[{"href":"https:\/\/bebaonline.com\/en\/wp-json\/wp\/v2\/media?parent=293124"}],"wp:term":[{"taxonomy":"product_cat","embeddable":true,"href":"https:\/\/bebaonline.com\/en\/wp-json\/wp\/v2\/product_cat?post=293124"},{"taxonomy":"product_tag","embeddable":true,"href":"https:\/\/bebaonline.com\/en\/wp-json\/wp\/v2\/product_tag?post=293124"}],"curies":[{"name":"wp","href":"https:\/\/api.w.org\/{rel}","templated":true}]}}