{"id":295095,"date":"2025-04-24T22:19:07","date_gmt":"2025-04-24T20:19:07","guid":{"rendered":"https:\/\/bebaonline.com\/?post_type=product&#038;p=295095"},"modified":"2025-05-21T00:06:05","modified_gmt":"2025-05-20T22:06:05","slug":"lace-emmy-corset","status":"publish","type":"product","link":"https:\/\/bebaonline.com\/en\/artikal\/lace-emmy-corset\/","title":{"rendered":"Lace Emmy Corset"},"content":{"rendered":"<p>Ukoliko niste sigurni oko veli\u010dine, u napomeni mo\u017eete naglasiti Va\u0161 <strong>obim grudi i obim ispod grudi<\/strong>, a odabrati bilo koju veli\u010dinu pri poru\u010divanju.<\/p>\n<p>Preporuceno rucno pranje.<\/p>\n","protected":false},"excerpt":{"rendered":"<p>Podaci za uplatu su:<\/p>\n<p>BEBA DOO<br \/>\nBEOGRAD<br \/>\n160-6000001643095-13<\/p>\n<p>Kada uplatite, po\u0161aljite nam dokaz o uplati, kako bi porud\u017ebina bila u obradi.<\/p>\n<p style=\"margin: 0in; background: white; vertical-align: baseline;\"><span style=\"font-size: 10.5pt; font-family: 'Open Sans',sans-serif; color: #666666;\">Ukoliko niste sigurni oko veli\u010dine ili prvi put poru\u010dujete, u napomeni mo\u017eete ostaviti Va\u0161e mere.<\/span><\/p>\n<p style=\"margin: 0in; background: white; vertical-align: baseline;\"><span style=\"font-size: 10.5pt; font-family: 'Open Sans',sans-serif; color: #666666;\">OBIM GRUDI,OBIM ISPOD GRUDI I OBIM STRUKA.<\/span><\/p>\n<p style=\"margin: 0in; background: white; vertical-align: baseline;\"><span style=\"font-size: 10.5pt; font-family: 'Open Sans',sans-serif; color: #666666;\">\u00a0<\/span><\/p>\n<p style=\"margin: 0in; background: white; vertical-align: baseline;\"><span style=\"font-size: 10.5pt; font-family: 'Open Sans',sans-serif; color: #666666;\">\u00a0<\/span><\/p>\n<p style=\"margin: 0in; background: white; vertical-align: baseline;\"><span style=\"font-size: 10.5pt; font-family: 'Open Sans',sans-serif; color: #666666;\">\u00a0<\/span><\/p>\n","protected":false},"featured_media":295164,"comment_status":"open","ping_status":"closed","template":"","meta":{"_et_pb_use_builder":"","_et_pb_old_content":"","_et_gb_content_width":""},"product_cat":[445,736,413],"product_tag":[],"_links":{"self":[{"href":"https:\/\/bebaonline.com\/en\/wp-json\/wp\/v2\/product\/295095"}],"collection":[{"href":"https:\/\/bebaonline.com\/en\/wp-json\/wp\/v2\/product"}],"about":[{"href":"https:\/\/bebaonline.com\/en\/wp-json\/wp\/v2\/types\/product"}],"replies":[{"embeddable":true,"href":"https:\/\/bebaonline.com\/en\/wp-json\/wp\/v2\/comments?post=295095"}],"wp:featuredmedia":[{"embeddable":true,"href":"https:\/\/bebaonline.com\/en\/wp-json\/wp\/v2\/media\/295164"}],"wp:attachment":[{"href":"https:\/\/bebaonline.com\/en\/wp-json\/wp\/v2\/media?parent=295095"}],"wp:term":[{"taxonomy":"product_cat","embeddable":true,"href":"https:\/\/bebaonline.com\/en\/wp-json\/wp\/v2\/product_cat?post=295095"},{"taxonomy":"product_tag","embeddable":true,"href":"https:\/\/bebaonline.com\/en\/wp-json\/wp\/v2\/product_tag?post=295095"}],"curies":[{"name":"wp","href":"https:\/\/api.w.org\/{rel}","templated":true}]}}